{"id":285,"date":"2024-06-17T11:54:08","date_gmt":"2024-06-17T09:54:08","guid":{"rendered":"https:\/\/mycartoonsports.com\/index.php\/cart\/"},"modified":"2024-06-18T14:51:37","modified_gmt":"2024-06-18T12:51:37","slug":"cart","status":"publish","type":"page","link":"https:\/\/mycartoonsports.com\/index.php\/cart\/","title":{"rendered":"Cart"},"content":{"rendered":"<p><!--open container--><br \/>\n\t\t\t\t\t\t\t<!--open column-1--><\/p>\n<form action=\"https:\/\/mycartoonsports.com\/index.php\/cart\/\" method=\"post\">\n\t\t\t\t\t\t<!--open shop table div --><\/p>\n<table cellspacing=\"0\">\n<thead>\n<tr>\n<th>Supprimer l\u2019\u00e9l\u00e9ment<\/th>\n<th>Miniature<\/th>\n<th>Produit<\/th>\n<th>Prix<\/th>\n<th>Quantit\u00e9<\/th>\n<th>Sous-total<\/th>\n<\/tr>\n<\/thead>\n<tbody>\n<tr>\n<td>\n\t\t\t\t\t\t\t<a href=\"https:\/\/mycartoonsports.com\/index.php\/cart\/?remove_item=58bf6e77181c52ed12793497fd8d8151&#038;_wpnonce=51a589769f\" aria-label=\"Retirer Women&#039;s soccer - France du panier\" data-product_id=\"311\" data-product_sku=\"\"><svg class='ast-mobile-svg ast-close-svg' fill='currentColor' version='1.1' xmlns='http:\/\/www.w3.org\/2000\/svg' width='24' height='24' viewBox='0 0 24 24'><path d='M5.293 6.707l5.293 5.293-5.293 5.293c-0.391 0.391-0.391 1.024 0 1.414s1.024 0.391 1.414 0l5.293-5.293 5.293 5.293c0.391 0.391 1.024 0.391 1.414 0s0.391-1.024 0-1.414l-5.293-5.293 5.293-5.293c0.391-0.391 0.391-1.024 0-1.414s-1.024-0.391-1.414 0l-5.293 5.293-5.293-5.293c-0.391-0.391-1.024-0.391-1.414 0s-0.391 1.024 0 1.414z'><\/path><\/svg><\/a>\t\t\t\t\t\t<\/td>\n<td>\n\t\t\t\t\t\t<a href=\"https:\/\/mycartoonsports.com\/index.php\/produit\/women-soccer\/?attribute_pa_club-country=france\"><img loading=\"lazy\" width=\"300\" height=\"300\" src=\"http:\/\/mycartoonsports.com\/wp-content\/uploads\/2022\/01\/Wierframe-Woocommerce_product-300x300.jpg\" alt=\"\" decoding=\"async\" srcset=\"https:\/\/mycartoonsports.com\/wp-content\/uploads\/2022\/01\/Wierframe-Woocommerce_product-300x300.jpg 300w, https:\/\/mycartoonsports.com\/wp-content\/uploads\/2022\/01\/Wierframe-Woocommerce_product-150x150.jpg 150w, https:\/\/mycartoonsports.com\/wp-content\/uploads\/2022\/01\/Wierframe-Woocommerce_product-100x100.jpg 100w\" sizes=\"auto, (max-width: 300px) 100vw, 300px\" \/><\/a>\t\t\t\t\t\t<\/td>\n<td data-title=\"Produit\">\n\t\t\t\t\t\t<a href=\"https:\/\/mycartoonsports.com\/index.php\/produit\/women-soccer\/?attribute_pa_club-country=france\">Women&#8217;s soccer &#8211; France<\/a><\/p>\n<dl>\n<dt>Club:<\/dt>\n<dd>\n<p>dvf<\/p>\n<\/dd>\n<dt>Championship:<\/dt>\n<dd>\n<p>dv<\/p>\n<\/dd>\n<\/dl>\n<\/td>\n<td data-title=\"Prix\">\n\t\t\t\t\t\t\t<bdi>13,95&nbsp;&euro;<\/bdi>\t\t\t\t\t\t<\/td>\n<td data-title=\"Quantit\u00e9\">\n\t\t<label for=\"quantity_667182d9f01da\">quantit\u00e9 de Women&#039;s soccer &#8211; France<\/label><br \/>\n\t<input\n\t\ttype=\"number\"\n\t\t\t\tid=\"quantity_667182d9f01da\"\n\t\tclass=\"input-text qty text\"\n\t\tname=\"cart[58bf6e77181c52ed12793497fd8d8151][qty]\"\n\t\tvalue=\"1\"\n\t\taria-label=\"Quantit\u00e9 de produits\"\n\t\tsize=\"4\"\n\t\tmin=\"0\"\n\t\tmax=\"\"\n\t\t\t\t\tstep=\"1\"\n\t\t\tplaceholder=\"\"\n\t\t\tinputmode=\"numeric\"\n\t\t\tautocomplete=\"off\"\n\t\t\t\/>\n\t\t\t\t\t\t<\/td>\n<td data-title=\"Sous-total\">\n\t\t\t\t\t\t\t<bdi>13,95&nbsp;&euro;<\/bdi>\t\t\t\t\t\t<\/td>\n<\/tr>\n<tr>\n<td colspan=\"6\">\n\t\t\t\t\t<button type=\"submit\" name=\"update_cart\" value=\"Update Cart\">Update Cart<\/button><br \/>\n\t\t\t\t\t<input type=\"hidden\" id=\"woocommerce-cart-nonce\" name=\"woocommerce-cart-nonce\" value=\"51a589769f\" \/><input type=\"hidden\" name=\"_wp_http_referer\" value=\"\/wp-admin\/admin-ajax.php\" \/>\t\t\t\t<\/td>\n<\/tr>\n<\/tbody>\n<\/table>\n<p>\t\t\t\t\t<!--close shop table div --><br \/>\n\t\t\t\t\t<input type=\"text\" name=\"coupon_code\" id=\"coupon_code\" value=\"\" placeholder=\"Code promo\" \/><br \/>\n\t\t\t\t\t<button name=\"apply_coupon\" type=\"submit\" value=\"Apply coupon\">Apply coupon<\/button><br \/>\n\t\t<\/form>\n<p>\t\t\t\t\t\t<!--close column-1--><br \/>\n\t\t\t\t\t\t\t<!--open column-2--><br \/>\n\t\t\t\t\t\t\t\t\t<!--open column-inner--><br \/>\n\t\t\t\t\t\t\t\t\t\t<!--open cart-totals--><\/p>\n<h2>Cart Total<\/h2>\n<table cellspacing=\"0\">\n<tr>\n<th>Sous-total<\/th>\n<td data-title=\"Sous-total\"><bdi>13,95&nbsp;&euro;<\/bdi><\/td>\n<\/tr>\n<tr>\n<th>Total<\/th>\n<td data-title=\"Total\"><strong><bdi>13,95&nbsp;&euro;<\/bdi><\/strong> <\/td>\n<\/tr>\n<\/table>\n<p><a href=\"https:\/\/mycartoonsports.com\/index.php\/checkout\/\"><br \/>\n\tProceed to Checkout<\/a><br \/>\n\t\t\t\t\t\t\t\t\t<!--close cart-totals--><br \/>\n\t\t\t\t\t\t\t\t\t<!--close column-inner--><br \/>\n\t\t\t\t\t\t\t<!--close column-2--><br \/>\n\t\t\t\t\t\t<!--close container--><\/p>\n","protected":false},"excerpt":{"rendered":"<p>Supprimer l\u2019\u00e9l\u00e9ment Miniature Produit Prix Quantit\u00e9 Sous-total Women&#8217;s soccer &#8211; France Club: dvf Championship: dv 13,95&nbsp;&euro; quantit\u00e9 de Women&#039;s soccer [&hellip;]<\/p>\n","protected":false},"author":1,"featured_media":0,"parent":0,"menu_order":0,"comment_status":"closed","ping_status":"closed","template":"elementor_header_footer","meta":{"site-sidebar-layout":"default","site-content-layout":"","ast-site-content-layout":"","site-content-style":"default","site-sidebar-style":"default","ast-global-header-display":"","ast-banner-title-visibility":"","ast-main-header-display":"","ast-hfb-above-header-display":"","ast-hfb-below-header-display":"","ast-hfb-mobile-header-display":"","site-post-title":"","ast-breadcrumbs-content":"","ast-featured-img":"","footer-sml-layout":"","theme-transparent-header-meta":"","adv-header-id-meta":"","stick-header-meta":"","header-above-stick-meta":"","header-main-stick-meta":"","header-below-stick-meta":"","astra-migrate-meta-layouts":"default","ast-page-background-enabled":"default","ast-page-background-meta":{"desktop":{"background-color":"var(--ast-global-color-4)","background-image":"","background-repeat":"repeat","background-position":"center center","background-size":"auto","background-attachment":"scroll","background-type":"","background-media":"","overlay-type":"","overlay-color":"","overlay-opacity":"","overlay-gradient":""},"tablet":{"background-color":"","background-image":"","background-repeat":"repeat","background-position":"center center","background-size":"auto","background-attachment":"scroll","background-type":"","background-media":"","overlay-type":"","overlay-color":"","overlay-opacity":"","overlay-gradient":""},"mobile":{"background-color":"","background-image":"","background-repeat":"repeat","background-position":"center center","background-size":"auto","background-attachment":"scroll","background-type":"","background-media":"","overlay-type":"","overlay-color":"","overlay-opacity":"","overlay-gradient":""}},"ast-content-background-meta":{"desktop":{"background-color":"var(--ast-global-color-5)","background-image":"","background-repeat":"repeat","background-position":"center center","background-size":"auto","background-attachment":"scroll","background-type":"","background-media":"","overlay-type":"","overlay-color":"","overlay-opacity":"","overlay-gradient":""},"tablet":{"background-color":"var(--ast-global-color-5)","background-image":"","background-repeat":"repeat","background-position":"center center","background-size":"auto","background-attachment":"scroll","background-type":"","background-media":"","overlay-type":"","overlay-color":"","overlay-opacity":"","overlay-gradient":""},"mobile":{"background-color":"var(--ast-global-color-5)","background-image":"","background-repeat":"repeat","background-position":"center center","background-size":"auto","background-attachment":"scroll","background-type":"","background-media":"","overlay-type":"","overlay-color":"","overlay-opacity":"","overlay-gradient":""}},"footnotes":""},"class_list":["post-285","page","type-page","status-publish","hentry"],"yoast_head":"<!-- This site is optimized with the Yoast SEO plugin v27.4 - https:\/\/yoast.com\/product\/yoast-seo-wordpress\/ -->\n<title>Cart - My Cartoon Sports<\/title>\n<meta name=\"robots\" content=\"index, follow, max-snippet:-1, max-image-preview:large, max-video-preview:-1\" \/>\n<link rel=\"canonical\" href=\"https:\/\/mycartoonsports.com\/index.php\/cart\/\" \/>\n<meta property=\"og:locale\" content=\"en_US\" \/>\n<meta property=\"og:type\" content=\"article\" \/>\n<meta property=\"og:title\" content=\"Cart - My Cartoon Sports\" \/>\n<meta property=\"og:description\" content=\"Supprimer l\u2019\u00e9l\u00e9ment Miniature Produit Prix Quantit\u00e9 Sous-total Women&#8217;s soccer &#8211; France Club: dvf Championship: dv 13,95&nbsp;&euro; quantit\u00e9 de Women&#039;s soccer [&hellip;]\" \/>\n<meta property=\"og:url\" content=\"https:\/\/mycartoonsports.com\/index.php\/cart\/\" \/>\n<meta property=\"og:site_name\" content=\"My Cartoon Sports\" \/>\n<meta property=\"article:modified_time\" content=\"2024-06-18T12:51:37+00:00\" \/>\n<meta property=\"og:image\" content=\"http:\/\/mycartoonsports.com\/wp-content\/uploads\/2022\/01\/Wierframe-Woocommerce_product-300x300.jpg\" \/>\n<meta name=\"twitter:card\" content=\"summary_large_image\" \/>\n<meta name=\"twitter:label1\" content=\"Est. reading time\" \/>\n\t<meta name=\"twitter:data1\" content=\"1 minute\" \/>\n<script type=\"application\/ld+json\" class=\"yoast-schema-graph\">{\"@context\":\"https:\\\/\\\/schema.org\",\"@graph\":[{\"@type\":\"WebPage\",\"@id\":\"https:\\\/\\\/mycartoonsports.com\\\/index.php\\\/cart\\\/\",\"url\":\"https:\\\/\\\/mycartoonsports.com\\\/index.php\\\/cart\\\/\",\"name\":\"Cart - My Cartoon Sports\",\"isPartOf\":{\"@id\":\"https:\\\/\\\/mycartoonsports.com\\\/#website\"},\"primaryImageOfPage\":{\"@id\":\"https:\\\/\\\/mycartoonsports.com\\\/index.php\\\/cart\\\/#primaryimage\"},\"image\":{\"@id\":\"https:\\\/\\\/mycartoonsports.com\\\/index.php\\\/cart\\\/#primaryimage\"},\"thumbnailUrl\":\"http:\\\/\\\/mycartoonsports.com\\\/wp-content\\\/uploads\\\/2022\\\/01\\\/Wierframe-Woocommerce_product-300x300.jpg\",\"datePublished\":\"2024-06-17T09:54:08+00:00\",\"dateModified\":\"2024-06-18T12:51:37+00:00\",\"breadcrumb\":{\"@id\":\"https:\\\/\\\/mycartoonsports.com\\\/index.php\\\/cart\\\/#breadcrumb\"},\"inLanguage\":\"en-US\",\"potentialAction\":[{\"@type\":\"ReadAction\",\"target\":[\"https:\\\/\\\/mycartoonsports.com\\\/index.php\\\/cart\\\/\"]}]},{\"@type\":\"ImageObject\",\"inLanguage\":\"en-US\",\"@id\":\"https:\\\/\\\/mycartoonsports.com\\\/index.php\\\/cart\\\/#primaryimage\",\"url\":\"http:\\\/\\\/mycartoonsports.com\\\/wp-content\\\/uploads\\\/2022\\\/01\\\/Wierframe-Woocommerce_product-300x300.jpg\",\"contentUrl\":\"http:\\\/\\\/mycartoonsports.com\\\/wp-content\\\/uploads\\\/2022\\\/01\\\/Wierframe-Woocommerce_product-300x300.jpg\"},{\"@type\":\"BreadcrumbList\",\"@id\":\"https:\\\/\\\/mycartoonsports.com\\\/index.php\\\/cart\\\/#breadcrumb\",\"itemListElement\":[{\"@type\":\"ListItem\",\"position\":1,\"name\":\"Accueil\",\"item\":\"https:\\\/\\\/mycartoonsports.com\\\/\"},{\"@type\":\"ListItem\",\"position\":2,\"name\":\"Cart\"}]},{\"@type\":\"WebSite\",\"@id\":\"https:\\\/\\\/mycartoonsports.com\\\/#website\",\"url\":\"https:\\\/\\\/mycartoonsports.com\\\/\",\"name\":\"My Cartoon Sports\",\"description\":\"THE site for personalized sports caricatures.\",\"potentialAction\":[{\"@type\":\"SearchAction\",\"target\":{\"@type\":\"EntryPoint\",\"urlTemplate\":\"https:\\\/\\\/mycartoonsports.com\\\/?s={search_term_string}\"},\"query-input\":{\"@type\":\"PropertyValueSpecification\",\"valueRequired\":true,\"valueName\":\"search_term_string\"}}],\"inLanguage\":\"en-US\"}]}<\/script>\n<!-- \/ Yoast SEO plugin. -->","yoast_head_json":{"title":"Cart - My Cartoon Sports","robots":{"index":"index","follow":"follow","max-snippet":"max-snippet:-1","max-image-preview":"max-image-preview:large","max-video-preview":"max-video-preview:-1"},"canonical":"https:\/\/mycartoonsports.com\/index.php\/cart\/","og_locale":"en_US","og_type":"article","og_title":"Cart - My Cartoon Sports","og_description":"Supprimer l\u2019\u00e9l\u00e9ment Miniature Produit Prix Quantit\u00e9 Sous-total Women&#8217;s soccer &#8211; France Club: dvf Championship: dv 13,95&nbsp;&euro; quantit\u00e9 de Women&#039;s soccer [&hellip;]","og_url":"https:\/\/mycartoonsports.com\/index.php\/cart\/","og_site_name":"My Cartoon Sports","article_modified_time":"2024-06-18T12:51:37+00:00","og_image":[{"url":"http:\/\/mycartoonsports.com\/wp-content\/uploads\/2022\/01\/Wierframe-Woocommerce_product-300x300.jpg","type":"","width":"","height":""}],"twitter_card":"summary_large_image","twitter_misc":{"Est. reading time":"1 minute"},"schema":{"@context":"https:\/\/schema.org","@graph":[{"@type":"WebPage","@id":"https:\/\/mycartoonsports.com\/index.php\/cart\/","url":"https:\/\/mycartoonsports.com\/index.php\/cart\/","name":"Cart - My Cartoon Sports","isPartOf":{"@id":"https:\/\/mycartoonsports.com\/#website"},"primaryImageOfPage":{"@id":"https:\/\/mycartoonsports.com\/index.php\/cart\/#primaryimage"},"image":{"@id":"https:\/\/mycartoonsports.com\/index.php\/cart\/#primaryimage"},"thumbnailUrl":"http:\/\/mycartoonsports.com\/wp-content\/uploads\/2022\/01\/Wierframe-Woocommerce_product-300x300.jpg","datePublished":"2024-06-17T09:54:08+00:00","dateModified":"2024-06-18T12:51:37+00:00","breadcrumb":{"@id":"https:\/\/mycartoonsports.com\/index.php\/cart\/#breadcrumb"},"inLanguage":"en-US","potentialAction":[{"@type":"ReadAction","target":["https:\/\/mycartoonsports.com\/index.php\/cart\/"]}]},{"@type":"ImageObject","inLanguage":"en-US","@id":"https:\/\/mycartoonsports.com\/index.php\/cart\/#primaryimage","url":"http:\/\/mycartoonsports.com\/wp-content\/uploads\/2022\/01\/Wierframe-Woocommerce_product-300x300.jpg","contentUrl":"http:\/\/mycartoonsports.com\/wp-content\/uploads\/2022\/01\/Wierframe-Woocommerce_product-300x300.jpg"},{"@type":"BreadcrumbList","@id":"https:\/\/mycartoonsports.com\/index.php\/cart\/#breadcrumb","itemListElement":[{"@type":"ListItem","position":1,"name":"Accueil","item":"https:\/\/mycartoonsports.com\/"},{"@type":"ListItem","position":2,"name":"Cart"}]},{"@type":"WebSite","@id":"https:\/\/mycartoonsports.com\/#website","url":"https:\/\/mycartoonsports.com\/","name":"My Cartoon Sports","description":"THE site for personalized sports caricatures.","potentialAction":[{"@type":"SearchAction","target":{"@type":"EntryPoint","urlTemplate":"https:\/\/mycartoonsports.com\/?s={search_term_string}"},"query-input":{"@type":"PropertyValueSpecification","valueRequired":true,"valueName":"search_term_string"}}],"inLanguage":"en-US"}]}},"_links":{"self":[{"href":"https:\/\/mycartoonsports.com\/index.php\/wp-json\/wp\/v2\/pages\/285","targetHints":{"allow":["GET"]}}],"collection":[{"href":"https:\/\/mycartoonsports.com\/index.php\/wp-json\/wp\/v2\/pages"}],"about":[{"href":"https:\/\/mycartoonsports.com\/index.php\/wp-json\/wp\/v2\/types\/page"}],"author":[{"embeddable":true,"href":"https:\/\/mycartoonsports.com\/index.php\/wp-json\/wp\/v2\/users\/1"}],"replies":[{"embeddable":true,"href":"https:\/\/mycartoonsports.com\/index.php\/wp-json\/wp\/v2\/comments?post=285"}],"version-history":[{"count":7,"href":"https:\/\/mycartoonsports.com\/index.php\/wp-json\/wp\/v2\/pages\/285\/revisions"}],"predecessor-version":[{"id":535,"href":"https:\/\/mycartoonsports.com\/index.php\/wp-json\/wp\/v2\/pages\/285\/revisions\/535"}],"wp:attachment":[{"href":"https:\/\/mycartoonsports.com\/index.php\/wp-json\/wp\/v2\/media?parent=285"}],"curies":[{"name":"wp","href":"https:\/\/api.w.org\/{rel}","templated":true}]}}